{"id":20,"date":"2014-03-26T13:29:18","date_gmt":"2014-03-26T13:29:18","guid":{"rendered":"http:\/\/www.tonimir.hr\/vila.tonimir\/?page_id=20"},"modified":"2020-01-23T14:50:26","modified_gmt":"2020-01-23T14:50:26","slug":"vila-tonimir","status":"publish","type":"page","link":"http:\/\/www.tonimir.hr\/vila.tonimir\/vila-tonimir\/","title":{"rendered":"PO\u010cETNA"},"content":{"rendered":"\n<figure class=\"wp-block-image size-large\"><img loading=\"lazy\" decoding=\"async\" width=\"1024\" height=\"518\" src=\"http:\/\/www.tonimir.hr\/vila.tonimir\/wp-content\/uploads\/2020\/01\/naslovna-Vila-2020-1024x518.jpg\" alt=\"\" class=\"wp-image-306\" srcset=\"http:\/\/www.tonimir.hr\/vila.tonimir\/wp-content\/uploads\/2020\/01\/naslovna-Vila-2020-1024x518.jpg 1024w, http:\/\/www.tonimir.hr\/vila.tonimir\/wp-content\/uploads\/2020\/01\/naslovna-Vila-2020-300x152.jpg 300w, http:\/\/www.tonimir.hr\/vila.tonimir\/wp-content\/uploads\/2020\/01\/naslovna-Vila-2020-768x388.jpg 768w, http:\/\/www.tonimir.hr\/vila.tonimir\/wp-content\/uploads\/2020\/01\/naslovna-Vila-2020.jpg 1400w\" sizes=\"auto, (max-width: 1024px) 100vw, 1024px\" \/><\/figure>\n\n\n<h3 style=\"text-align: center;\">Adresa:<br><strong>22211 Vodice, Srima VII\/55<\/strong><\/h3>\n<hr>\n<p style=\"text-align: center;\">&nbsp;<strong>Vila Tonimir smje\u0161tena je:<\/strong><\/p>\n<ul style=\"text-align: center;\">\n<li>\n<div style=\"text-align: left;\">200 m od centra Srime<\/div>\n<\/li>\n<li style=\"text-align: left;\">\n<div>180 m od pla\u017ee<\/div>\n<\/li>\n<li style=\"text-align: left;\">\n<div>100 m od autobusnog stajali\u0161ta<\/div>\n<\/li>\n<li style=\"text-align: left;\">\n<div>100 m od marketa<\/div>\n<\/li>\n<li>\n<div style=\"text-align: left;\">70 km od zra\u010dne luke<\/div>\n<\/li>\n<\/ul>\n<p style=\"text-align: center;\"><strong>Vila Tonimir ima povr\u0161inu od 600 m2<\/strong><\/p>\n<hr>\n<h2 style=\"text-align: center;\"><strong>Ponuda:<\/strong><\/h2>\n<h2 style=\"text-align: center;\"><a href=\"http:\/\/www.tonimir.hr\/vila.tonimir\/sobe\/\"><span style=\"color: #800000;\">SOBE<\/span><\/a><\/h2>\n<h2 style=\"text-align: center;\"><span style=\"color: #800000;\"><a style=\"color: #800000;\" href=\"http:\/\/www.tonimir.hr\/vila.tonimir\/apartmani\/\">APARTMANI<\/a><\/span><\/h2>\n<p style=\"text-align: center;\">*&nbsp; mogu\u0107nost kori\u0161tenja brzog be\u017ei\u0107nog interneta uz pla\u010danje&nbsp; *<\/p>\n<p style=\"text-align: center;\">*&nbsp; blizina mora, udobnost, komfor&nbsp; *<\/p>\n<p style=\"text-align: center;\">**&nbsp; posebni popusti do 10.7. i od 20. 8. **<\/p>\n<h3 style=\"text-align: center;\">&nbsp;<\/h3>\n<hr>\n<h3 style=\"text-align: center;\">Informacije i rezervacije<\/h3>\n<p style=\"text-align: center;\"><strong>Tel:&nbsp;&nbsp;&nbsp; +385 42 633 430 <\/strong>(Vara\u017edinske Toplice)<br><strong>+385 22 440 205 <\/strong>(Srima)<\/p>\n<h2 style=\"text-align: center;\"><strong><strong>Gsm:&nbsp;&nbsp;+385 98 390 749<\/strong><\/strong><\/h2>\n<p style=\"text-align: center;\">Fax:&nbsp;&nbsp;&nbsp; ++385 42 633 480 (Vara\u017edinske Toplice)<\/p>\n<h3 style=\"text-align: center;\"><a href=\"http:\/\/www.tonimir.hr\/Rezervacija_fax.pdf\" target=\"_blank\" rel=\"noopener noreferrer\"><span style=\"color: #800000;\">Rezervacija (FAX)<\/span><\/a><\/h3>\n<p style=\"text-align: center;\"><b>Nakon rezervacije uplatite 20% akontacije.<\/b><\/p>\n<p style=\"text-align: center;\">Podaci za uplatu rezervacije:<\/p>\n<p style=\"text-align: center;\"><b>Nakladni\u010dka ku\u0107a \u201cTonimir\u201d d.o.o.<br><\/b>42223 Vara\u017edinske Toplice, V. Nazora 6, Croatia<\/p>\n<p style=\"text-align: center;\">Pla\u0107anje&nbsp;na devizni ra\u010dun: <b>2100256830<\/b>&nbsp;&nbsp;(Zagreba\u010dka banka Zagreb)<b><br><\/b>&nbsp; IBAN \u2013 <b>HR0723600001101724401<br><\/b>&nbsp;&nbsp;&nbsp;&nbsp;&nbsp;&nbsp;&nbsp;&nbsp; SWIFT \u2013 <b>ZABAHR2X<br><\/b><\/p>\n<hr>\n<p style=\"text-align: center;\">Po\u0161tovani, otkazivanje i promjena rezervacije mogu\u0107e je do 60 dana prije rezerviranog termina uz vra\u0107anje do 50% akontacije. Za otkazivanje unutar 60 dana do po\u010detka rezervacije i u slu\u010daju nedolaska gosta zadr\u017eavamo cijeli iznos akontacije!<\/p>\n<hr>\n<p style=\"text-align: center;\"><b><br><\/b>Sobe\/apartmani su slobodni od 11:oo sati na dan dolaska i moraju biti oslobo\u0111eni najkasnije do 09:oo sati na dan odlaska!<br>Dnevni boravak se napla\u010duje 50% cijene, a soba se treba isprazniti do 20:oo sati!<\/p>\n<h3 style=\"text-align: center;\"><strong>E-mail:<\/strong><\/h3>\n<h3 style=\"text-align: center;\"><a title=\"Informacije i rezervacije smje\u0161taja u Vili Tonimir\" href=\"mailto:vilatonimir@gmail.com\" target=\"_blank\" rel=\"noopener noreferrer\"><span style=\"color: #800000;\">vilatonimir@gmail.com<\/span><\/a><\/h3>\n<hr>\n<p style=\"text-align: center;\">Vila Tonimir udaljena je od:<\/p>\n<ul>\n<li>centra <strong>Vodica<\/strong> <strong>25 minuta \u0161etnje<\/strong> uz more ili <strong>5&nbsp; minuta<\/strong> <strong>vo\u017enje automobilom<\/strong><\/li>\n<li>\u0160ibenika <strong>10 km<\/strong><\/li>\n<li>Slapova Krke <strong>20 km<\/strong><\/li>\n<li>Skradina <strong>25 km<\/strong><\/li>\n<li>Trogira <strong>72 km<\/strong><\/li>\n<li>Zadra <strong>65 km<\/strong><\/li>\n<li>Splita <strong>86 km<\/strong><\/li>\n<\/ul>\n<hr>\n<p style=\"text-align: center;\"><span style=\"color: #000000;\">Svakodnevno su organizirani <strong>izleti brodom<\/strong> na:<\/span><\/p>\n<ul>\n<li><span style=\"color: #000000;\"><strong><a style=\"color: #000000;\" href=\"http:\/\/www.otokprvic.info\/Hturizam.htm\" target=\"_blank\" rel=\"noopener noreferrer\">Otok Prvi\u0107<\/a><\/strong><\/span><\/li>\n<li><span style=\"color: #000000;\"><strong><a style=\"color: #000000;\" href=\"http:\/\/www.infoadriatic.com\/hrvatska\/zlarin\/index.shtml\" target=\"_blank\" rel=\"noopener noreferrer\">Otok Zlarin<\/a><\/strong><\/span><\/li>\n<li><span style=\"color: #000000;\"><strong><a style=\"color: #000000;\" href=\"http:\/\/www.kornati.hr\/\" target=\"_blank\" rel=\"noopener noreferrer\">Kornate<\/a><\/strong><\/span><\/li>\n<li>slapove <strong>Krke<\/strong><\/li>\n<li>samostan <strong>Visovac<\/strong><\/li>\n<\/ul>\n<p style=\"text-align: center;\">Do svih lokacija sti\u017ee se&nbsp; automobilom ili brodom u vrlo kratkom vremenu od 10 do 45 minuta.<\/p>\n<p style=\"text-align: center;\">Iskoristite boravak u <strong>Vili \u201cTonimir\u201d<\/strong> i upoznajte<br>kulturne i povijesne znamenitosti i prirodne ljepote \u0161ibenske regije.<\/p>\n<hr>\n<p style=\"text-align: center;\"><strong>Kako do nas?<\/strong><\/p>\n<p style=\"text-align: center;\"><img loading=\"lazy\" decoding=\"async\" class=\"aligncenter\" src=\"http:\/\/www.tonimir.hr\/wp-content\/uploads\/2013\/03\/karta_nova.jpg\" alt=\"\" width=\"550\" height=\"265\"><\/p>\n<p style=\"text-align: center;\"><div id=\"lmm_a9b662ef\" style=\"width:640px;\" class=\"mapsmarker markermap marker-1\">\n<div id=\"lmm_panel_a9b662ef\" class=\"lmm-panel\" style=\"background:#efefef;\">\n<div id=\"lmm_panel_api_a9b662ef\" class=\"lmm-panel-api\"><a href=\"https:\/\/maps.google.com\/maps?daddr=Srima+VII+55%2C+Srima%2C+Hrvatska&amp;t=m&amp;layer=1&amp;doflg=ptk&amp;om=0\" target=\"_blank\" title=\"Get directions\"><img loading=\"lazy\" decoding=\"async\" alt=\"icon-car.png\" src=\"http:\/\/www.tonimir.hr\/vila.tonimir\/wp-content\/plugins\/leaflet-maps-marker\/inc\/img\/icon-car.png\" width=\"14\" height=\"14\" class=\"lmm-panel-api-images\" \/><\/a><\/div><div id=\"lmm_panel_text_a9b662ef\" class=\"lmm-panel-text\" style=\"font-weight:bold;color:#373737;\">Vila Tonimir<\/div><\/div>\n<div id=\"lmm_map_a9b662ef\" class=\"lmm-map\" style=\"background:#f6f6f6;border:1px solid #ccc;height:480px; overflow:hidden;padding:0;\"><p style=\"font-size:80%;color:#9f9e9e;margin-left:5px;\">loading map - please wait...<noscript><br\/><strong>Map could not be loaded - please enable Javascript!<\/strong><br\/><a style=\"text-decoration:none;\" href=\"https:\/\/www.mapsmarker.com\/js-disabled\" target=\"_blank\">&rarr; more information<\/a><\/noscript><\/p><\/div>\n<div id=\"lmm_geo_tags_a9b662ef\" class=\"lmm-geo-tags geo\">\n<span class=\"paneltext\">Vila Tonimir<\/span>\n<span class=\"latitude\">43.747956<\/span>, <span class=\"longitude\">15.799649<\/span>\n<span class=\"popuptext\">Vila Tonimir<\/span>\n<\/div>\n<\/div><\/p>\n<p style=\"text-align: center;\">Slike Vile Tonimir:<br>[flagallery gid=3]<\/p>\n\n\n\n","protected":false},"excerpt":{"rendered":"<p>Adresa:22211 Vodice, Srima VII\/55 &nbsp;Vila Tonimir smje\u0161tena je: 200 m od centra Srime 180 m od pla\u017ee 100 m od autobusnog stajali\u0161ta 100 m od marketa 70 km od zra\u010dne luke Vila Tonimir ima povr\u0161inu od 600 m2 Ponuda: SOBE APARTMANI *&nbsp; mogu\u0107nost kori\u0161tenja brzog be\u017ei\u0107nog interneta uz pla\u010danje&nbsp; * *&nbsp; blizina mora, udobnost, komfor&nbsp; [&hellip;]<\/p>\n","protected":false},"author":1,"featured_media":0,"parent":0,"menu_order":3,"comment_status":"closed","ping_status":"closed","template":"","meta":{"footnotes":""},"class_list":["post-20","page","type-page","status-publish","hentry"],"_links":{"self":[{"href":"http:\/\/www.tonimir.hr\/vila.tonimir\/wp-json\/wp\/v2\/pages\/20","targetHints":{"allow":["GET"]}}],"collection":[{"href":"http:\/\/www.tonimir.hr\/vila.tonimir\/wp-json\/wp\/v2\/pages"}],"about":[{"href":"http:\/\/www.tonimir.hr\/vila.tonimir\/wp-json\/wp\/v2\/types\/page"}],"author":[{"embeddable":true,"href":"http:\/\/www.tonimir.hr\/vila.tonimir\/wp-json\/wp\/v2\/users\/1"}],"replies":[{"embeddable":true,"href":"http:\/\/www.tonimir.hr\/vila.tonimir\/wp-json\/wp\/v2\/comments?post=20"}],"version-history":[{"count":8,"href":"http:\/\/www.tonimir.hr\/vila.tonimir\/wp-json\/wp\/v2\/pages\/20\/revisions"}],"predecessor-version":[{"id":309,"href":"http:\/\/www.tonimir.hr\/vila.tonimir\/wp-json\/wp\/v2\/pages\/20\/revisions\/309"}],"wp:attachment":[{"href":"http:\/\/www.tonimir.hr\/vila.tonimir\/wp-json\/wp\/v2\/media?parent=20"}],"curies":[{"name":"wp","href":"https:\/\/api.w.org\/{rel}","templated":true}]}}